{"id":97,"date":"2019-08-07T21:54:17","date_gmt":"2019-08-07T19:54:17","guid":{"rendered":"https:\/\/www.asmi.de\/cms\/?page_id=97"},"modified":"2020-02-28T10:34:53","modified_gmt":"2020-02-28T09:34:53","slug":"schulungen-2","status":"publish","type":"page","link":"https:\/\/www.asmi.de\/cms\/schulungen-2\/","title":{"rendered":"Schulungen"},"content":{"rendered":"\n<div class=\"wp-block-image\"><figure class=\"alignright size-large is-resized\"><img decoding=\"async\" src=\"https:\/\/www.asmi.de\/cms\/wp-content\/uploads\/2020\/02\/Schulung-5.jpg\" alt=\"\" class=\"wp-image-642\" width=\"200\" srcset=\"https:\/\/www.asmi.de\/cms\/wp-content\/uploads\/2020\/02\/Schulung-5.jpg 586w, https:\/\/www.asmi.de\/cms\/wp-content\/uploads\/2020\/02\/Schulung-5-292x300.jpg 292w\" sizes=\"(max-width: 586px) 100vw, 586px\" \/><\/figure><\/div>\n\n\n\n<p>In regelm\u00e4\u00dfigen Abst\u00e4nden, bieten wir unseren Kunden an unterschiedlichen Standorten ein breitgef\u00e4chertes Schulungsangebot an.<br>Seien es Tipps und Tricks f\u00fcr die Optimierung Ihrer Duria-Nutzung oder die Informierung \u00fcber die aktuellsten Datenschutz-Richtlinien. <br>Profitieren Sie von unserem Knowhow.<\/p>\n\n\n\n<p>Mit unseren ma\u00dfgeschneiderten Schulungen bieten wir Ihnen die M\u00f6glichkeit, sich optimal f\u00fcr den Arbeitsalltag und dar\u00fcber hinaus zu r\u00fcsten. <\/p>\n\n\n\n<p>Entdecken Sie, wie Sie noch effizienter mit Hilfe Ihrer bestehenden EDV arbeiten k\u00f6nnen und somit mehr Zeit f\u00fcr die wichtigen Dinge haben. <\/p>\n\n\n\n<p>Wir passen unser Schulungsprogramm gerne an Ihre W\u00fcnsche an und freuen uns auf Ihr Feedback.<\/p>\n","protected":false},"excerpt":{"rendered":"<p>In regelm\u00e4\u00dfigen Abst\u00e4nden, bieten wir unseren Kunden an unterschiedlichen Standorten ein breitgef\u00e4chertes Schulungsangebot an.Seien es Tipps und Tricks f\u00fcr die Optimierung Ihrer Duria-Nutzung oder die Informierung \u00fcber die aktuellsten Datenschutz-Richtlinien. Profitieren Sie von unserem Knowhow. Mit unseren ma\u00dfgeschneiderten Schulungen bieten<\/p>\n","protected":false},"author":3,"featured_media":0,"parent":0,"menu_order":0,"comment_status":"closed","ping_status":"closed","template":"","meta":{"_editorskit_title_hidden":false,"_editorskit_reading_time":0,"_editorskit_is_block_options_detached":false,"_editorskit_block_options_position":"{}","footnotes":""},"class_list":["post-97","page","type-page","status-publish","hentry"],"_links":{"self":[{"href":"https:\/\/www.asmi.de\/cms\/wp-json\/wp\/v2\/pages\/97","targetHints":{"allow":["GET"]}}],"collection":[{"href":"https:\/\/www.asmi.de\/cms\/wp-json\/wp\/v2\/pages"}],"about":[{"href":"https:\/\/www.asmi.de\/cms\/wp-json\/wp\/v2\/types\/page"}],"author":[{"embeddable":true,"href":"https:\/\/www.asmi.de\/cms\/wp-json\/wp\/v2\/users\/3"}],"replies":[{"embeddable":true,"href":"https:\/\/www.asmi.de\/cms\/wp-json\/wp\/v2\/comments?post=97"}],"version-history":[{"count":8,"href":"https:\/\/www.asmi.de\/cms\/wp-json\/wp\/v2\/pages\/97\/revisions"}],"predecessor-version":[{"id":643,"href":"https:\/\/www.asmi.de\/cms\/wp-json\/wp\/v2\/pages\/97\/revisions\/643"}],"wp:attachment":[{"href":"https:\/\/www.asmi.de\/cms\/wp-json\/wp\/v2\/media?parent=97"}],"curies":[{"name":"wp","href":"https:\/\/api.w.org\/{rel}","templated":true}]}}