{"id":94,"date":"2019-08-07T21:51:19","date_gmt":"2019-08-07T19:51:19","guid":{"rendered":"https:\/\/www.asmi.de\/cms\/?page_id=94"},"modified":"2021-07-06T10:15:22","modified_gmt":"2021-07-06T08:15:22","slug":"impressum","status":"publish","type":"page","link":"https:\/\/www.asmi.de\/cms\/impressum\/","title":{"rendered":"Impressum"},"content":{"rendered":"\n<p>Diese Supportseiten erstellt mein Team f\u00fcr die von uns betreuten DURIA Anwender. Alle Tipps und Hinweise sind mit gr\u00f6\u00dfter Sorgfalt erstellt worden, dennoch \u00fcbernehmen wir keine Gew\u00e4hr f\u00fcr deren Richtig- und Vollst\u00e4ndigkeit. Jegliche Haftung, insbesondere f\u00fcr Sch\u00e4den die durch die Nutzung dieser Inhalte entstehen, ist ausgeschlossen.<\/p>\n\n\n\n<p>F\u00fcr Hinweise \u00fcber Fehler oder falsche Links bin ich dankbar.<\/p>\n\n\n\n<p><strong>Unternehmer<\/strong><br>Andreas Schnepf<br>medizinischer Informatiker<br>Fachkaufmann f\u00fcr Organisation (IHK)<br>Taunusstra\u00dfe 19a<br>Tel.: +49 (69) 33 34 12<br>Fax: +49 (69) 30 88 188<br>65760 Eschborn<br><a href=\"mailto:Andreas.Schnepf@asmi.de\">Andreas.Schnepf@asmi.de<\/a><br><a rel=\"noreferrer noopener\" href=\"http:\/\/www.asmi.de\/\" target=\"_blank\">www.asmi.de<\/a><\/p>\n\n\n\n<p>Das Gewerbe wurde am 1. Januar 1991 bei der Gemeinde Liederbach Taunus angemeldet. Die Ummeldung zur Stadt Eschborn erfolgte am 17. Juli 2017.<\/p>\n\n\n\n<p><strong>Kammerzugeh\u00f6rigkeit<\/strong><br><a href=\"http:\/\/www.frankfurt-main.ihk.de\/\">Industrie- und Handeskammer Frankfurt am Main<\/a><\/p>\n\n\n\n<p><strong>Verbandszugeh\u00f6rigkeit<\/strong><br><a href=\"http:\/\/www.bvmi.de\/\">Berufsverband Medizinischer Informatiker e. V.<\/a><\/p>\n\n\n\n<p><strong>Umsatzsteueridentifikationsnummer :<\/strong>&nbsp;DE 114 314 462<\/p>\n\n\n\n<p><strong>Rechte an meinen Seiten<\/strong><br>Alle Inhalte meiner Internetseiten unterliegen dem Urheberrecht. Die Speicherung und Vervielf\u00e4ltigung ist ausschlie\u00dflich zur privaten Nutzung erlaubt. Jeglich anderweitige Nutzung ist untersagt.<\/p>\n\n\n\n<p><strong>Haftung<\/strong><br>Ich kontrolliere die Inhalte der auf meinen Seiten vorhandenen Links sorgf\u00e4ltig, kann aber dennoch keine Haftung f\u00fcr diese \u00fcbernehmen. Ausschlie\u00dflich die Betreiber der verlinkten Seiten sind f\u00fcr deren Inhalt verantwortlich. Wenn Sie einen Link finden, der nicht auf meinen Seiten enthalten sein sollte, bin ich Ihnen f\u00fcr eine kurze Mitteilung dankbar.<\/p>\n","protected":false},"excerpt":{"rendered":"<p>Diese Supportseiten erstellt mein Team f\u00fcr die von uns betreuten DURIA Anwender. Alle Tipps und Hinweise sind mit gr\u00f6\u00dfter Sorgfalt erstellt worden, dennoch \u00fcbernehmen wir keine Gew\u00e4hr f\u00fcr deren Richtig- und Vollst\u00e4ndigkeit. Jegliche Haftung, insbesondere f\u00fcr Sch\u00e4den die durch die<\/p>\n","protected":false},"author":3,"featured_media":0,"parent":0,"menu_order":0,"comment_status":"closed","ping_status":"closed","template":"","meta":{"_editorskit_title_hidden":false,"_editorskit_reading_time":1,"_editorskit_is_block_options_detached":false,"_editorskit_block_options_position":"{}","footnotes":""},"class_list":["post-94","page","type-page","status-publish","hentry"],"_links":{"self":[{"href":"https:\/\/www.asmi.de\/cms\/wp-json\/wp\/v2\/pages\/94","targetHints":{"allow":["GET"]}}],"collection":[{"href":"https:\/\/www.asmi.de\/cms\/wp-json\/wp\/v2\/pages"}],"about":[{"href":"https:\/\/www.asmi.de\/cms\/wp-json\/wp\/v2\/types\/page"}],"author":[{"embeddable":true,"href":"https:\/\/www.asmi.de\/cms\/wp-json\/wp\/v2\/users\/3"}],"replies":[{"embeddable":true,"href":"https:\/\/www.asmi.de\/cms\/wp-json\/wp\/v2\/comments?post=94"}],"version-history":[{"count":6,"href":"https:\/\/www.asmi.de\/cms\/wp-json\/wp\/v2\/pages\/94\/revisions"}],"predecessor-version":[{"id":1373,"href":"https:\/\/www.asmi.de\/cms\/wp-json\/wp\/v2\/pages\/94\/revisions\/1373"}],"wp:attachment":[{"href":"https:\/\/www.asmi.de\/cms\/wp-json\/wp\/v2\/media?parent=94"}],"curies":[{"name":"wp","href":"https:\/\/api.w.org\/{rel}","templated":true}]}}