{"id":88,"date":"2019-08-07T21:50:38","date_gmt":"2019-08-07T19:50:38","guid":{"rendered":"https:\/\/www.asmi.de\/cms\/?page_id=88"},"modified":"2026-04-30T14:00:25","modified_gmt":"2026-04-30T12:00:25","slug":"team","status":"publish","type":"page","link":"https:\/\/www.asmi.de\/cms\/team\/","title":{"rendered":"Team"},"content":{"rendered":"\n<p>Das ASMI-Team ist gerne f\u00fcr Sie da.<\/p>\n\n\n\n<figure class=\"wp-block-gallery has-nested-images columns-default is-cropped wp-block-gallery-1 is-layout-flex wp-block-gallery-is-layout-flex\"><\/figure>\n\n\n\n<h4 class=\"wp-block-heading\">Gesch\u00e4ftsleitung:<\/h4>\n\n\n\n<div class=\"wp-block-media-text alignwide is-stacked-on-mobile\" style=\"grid-template-columns:27% auto\"><figure class=\"wp-block-media-text__media\"><img loading=\"lazy\" decoding=\"async\" width=\"1024\" height=\"1024\" src=\"https:\/\/www.asmi.de\/cms\/wp-content\/uploads\/2020\/02\/Andreas-Schnepf-1024x1024.jpg\" alt=\"\" class=\"wp-image-473 size-full\" srcset=\"https:\/\/www.asmi.de\/cms\/wp-content\/uploads\/2020\/02\/Andreas-Schnepf-1024x1024.jpg 1024w, https:\/\/www.asmi.de\/cms\/wp-content\/uploads\/2020\/02\/Andreas-Schnepf-300x300.jpg 300w, https:\/\/www.asmi.de\/cms\/wp-content\/uploads\/2020\/02\/Andreas-Schnepf-150x150.jpg 150w, https:\/\/www.asmi.de\/cms\/wp-content\/uploads\/2020\/02\/Andreas-Schnepf-768x768.jpg 768w, https:\/\/www.asmi.de\/cms\/wp-content\/uploads\/2020\/02\/Andreas-Schnepf-1536x1536.jpg 1536w, https:\/\/www.asmi.de\/cms\/wp-content\/uploads\/2020\/02\/Andreas-Schnepf-2048x2048.jpg 2048w\" sizes=\"auto, (max-width: 1024px) 100vw, 1024px\" \/><\/figure><div class=\"wp-block-media-text__content\">\n<h4 class=\"wp-block-heading\">Andreas Schnepf<\/h4>\n\n\n\n<p>Inhaber, medizinischer Informatiker,<br>Fachkaufmann f\u00fcr Organisation (IHK)<\/p>\n\n\n\n<p><a href=\"mailto:andreas.schnepf@asmi.de\" class=\"ek-link\">andreas.schnepf@asmi.de<\/a><br><\/p>\n<\/div><\/div>\n\n\n\n<p><\/p>\n\n\n\n<div class=\"wp-block-media-text alignwide is-stacked-on-mobile\" style=\"grid-template-columns:27% auto\"><figure class=\"wp-block-media-text__media\"><img loading=\"lazy\" decoding=\"async\" width=\"1024\" height=\"1024\" src=\"https:\/\/www.asmi.de\/cms\/wp-content\/uploads\/2020\/02\/Christina-Jahnke-1024x1024.jpg\" alt=\"\" class=\"wp-image-474 size-full\" srcset=\"https:\/\/www.asmi.de\/cms\/wp-content\/uploads\/2020\/02\/Christina-Jahnke-1024x1024.jpg 1024w, https:\/\/www.asmi.de\/cms\/wp-content\/uploads\/2020\/02\/Christina-Jahnke-300x300.jpg 300w, https:\/\/www.asmi.de\/cms\/wp-content\/uploads\/2020\/02\/Christina-Jahnke-150x150.jpg 150w, https:\/\/www.asmi.de\/cms\/wp-content\/uploads\/2020\/02\/Christina-Jahnke-768x768.jpg 768w, https:\/\/www.asmi.de\/cms\/wp-content\/uploads\/2020\/02\/Christina-Jahnke-1536x1536.jpg 1536w, https:\/\/www.asmi.de\/cms\/wp-content\/uploads\/2020\/02\/Christina-Jahnke-2048x2048.jpg 2048w\" sizes=\"auto, (max-width: 1024px) 100vw, 1024px\" \/><\/figure><div class=\"wp-block-media-text__content\">\n<h4 class=\"wp-block-heading\">Christina Jahnke<\/h4>\n\n\n\n<p>Prokura, Informatikkauffrau,<br>Support und Technik, Backoffice<\/p>\n\n\n\n<p><a href=\"mailto:christina.jahnke@asmi.de\" class=\"ek-link\">christina.jahnke@asmi.de<\/a><\/p>\n<\/div><\/div>\n\n\n\n<h4 class=\"wp-block-heading\">Organisation:<\/h4>\n\n\n\n<div class=\"wp-block-media-text alignwide is-stacked-on-mobile\" style=\"grid-template-columns:27% auto\"><figure class=\"wp-block-media-text__media\"><img loading=\"lazy\" decoding=\"async\" width=\"1024\" height=\"1024\" src=\"https:\/\/www.asmi.de\/cms\/wp-content\/uploads\/2021\/06\/Andrea-Schlusen-1024x1024.jpg\" alt=\"\" class=\"wp-image-1331 size-full\" srcset=\"https:\/\/www.asmi.de\/cms\/wp-content\/uploads\/2021\/06\/Andrea-Schlusen-1024x1024.jpg 1024w, https:\/\/www.asmi.de\/cms\/wp-content\/uploads\/2021\/06\/Andrea-Schlusen-300x300.jpg 300w, https:\/\/www.asmi.de\/cms\/wp-content\/uploads\/2021\/06\/Andrea-Schlusen-150x150.jpg 150w, https:\/\/www.asmi.de\/cms\/wp-content\/uploads\/2021\/06\/Andrea-Schlusen-768x768.jpg 768w, https:\/\/www.asmi.de\/cms\/wp-content\/uploads\/2021\/06\/Andrea-Schlusen-1536x1536.jpg 1536w, https:\/\/www.asmi.de\/cms\/wp-content\/uploads\/2021\/06\/Andrea-Schlusen-2048x2048.jpg 2048w, https:\/\/www.asmi.de\/cms\/wp-content\/uploads\/2021\/06\/Andrea-Schlusen-400x400.jpg 400w\" sizes=\"auto, (max-width: 1024px) 100vw, 1024px\" \/><\/figure><div class=\"wp-block-media-text__content\">\n<h4 class=\"wp-block-heading\">Andrea Schlusen<\/h4>\n\n\n\n<p>Medizinische Fachangestellte<br>Support, Backoffice<\/p>\n\n\n\n<p><a href=\"mailto:andrea.schlusen@asmi.de\" class=\"ek-link\">andrea.schlusen@asmi.de<\/a><\/p>\n<\/div><\/div>\n\n\n\n<p><\/p>\n\n\n\n<div class=\"wp-block-media-text alignwide is-stacked-on-mobile\" style=\"grid-template-columns:27% auto\"><figure class=\"wp-block-media-text__media\"><img loading=\"lazy\" decoding=\"async\" width=\"1024\" height=\"1024\" src=\"https:\/\/www.asmi.de\/cms\/wp-content\/uploads\/2021\/06\/Melanie-Fischer-1-1024x1024.jpg\" alt=\"\" class=\"wp-image-1329 size-full\" srcset=\"https:\/\/www.asmi.de\/cms\/wp-content\/uploads\/2021\/06\/Melanie-Fischer-1-1024x1024.jpg 1024w, https:\/\/www.asmi.de\/cms\/wp-content\/uploads\/2021\/06\/Melanie-Fischer-1-300x300.jpg 300w, https:\/\/www.asmi.de\/cms\/wp-content\/uploads\/2021\/06\/Melanie-Fischer-1-150x150.jpg 150w, https:\/\/www.asmi.de\/cms\/wp-content\/uploads\/2021\/06\/Melanie-Fischer-1-768x768.jpg 768w, https:\/\/www.asmi.de\/cms\/wp-content\/uploads\/2021\/06\/Melanie-Fischer-1-1536x1536.jpg 1536w, https:\/\/www.asmi.de\/cms\/wp-content\/uploads\/2021\/06\/Melanie-Fischer-1-2048x2048.jpg 2048w, https:\/\/www.asmi.de\/cms\/wp-content\/uploads\/2021\/06\/Melanie-Fischer-1-400x400.jpg 400w\" sizes=\"auto, (max-width: 1024px) 100vw, 1024px\" \/><\/figure><div class=\"wp-block-media-text__content\">\n<h4 class=\"wp-block-heading\">Melanie Metza<\/h4>\n\n\n\n<p>Veranstaltungskauffrau (IHK)<br>Support, Backoffice<\/p>\n\n\n\n<p><a href=\"mailto:melanie.metza@asmi.de\" class=\"ek-link\">melanie.metza@asmi.de<\/a><\/p>\n<\/div><\/div>\n\n\n\n<p><\/p>\n\n\n\n<div class=\"wp-block-media-text alignwide is-stacked-on-mobile\" style=\"grid-template-columns:27% auto\"><figure class=\"wp-block-media-text__media\"><img loading=\"lazy\" decoding=\"async\" width=\"1024\" height=\"1024\" src=\"https:\/\/www.asmi.de\/cms\/wp-content\/uploads\/2021\/06\/Daniela-Schaad-1-1024x1024.jpg\" alt=\"\" class=\"wp-image-1334 size-full\" srcset=\"https:\/\/www.asmi.de\/cms\/wp-content\/uploads\/2021\/06\/Daniela-Schaad-1-1024x1024.jpg 1024w, https:\/\/www.asmi.de\/cms\/wp-content\/uploads\/2021\/06\/Daniela-Schaad-1-300x300.jpg 300w, https:\/\/www.asmi.de\/cms\/wp-content\/uploads\/2021\/06\/Daniela-Schaad-1-150x150.jpg 150w, https:\/\/www.asmi.de\/cms\/wp-content\/uploads\/2021\/06\/Daniela-Schaad-1-768x768.jpg 768w, https:\/\/www.asmi.de\/cms\/wp-content\/uploads\/2021\/06\/Daniela-Schaad-1-1536x1536.jpg 1536w, https:\/\/www.asmi.de\/cms\/wp-content\/uploads\/2021\/06\/Daniela-Schaad-1-400x400.jpg 400w, https:\/\/www.asmi.de\/cms\/wp-content\/uploads\/2021\/06\/Daniela-Schaad-1.jpg 1923w\" sizes=\"auto, (max-width: 1024px) 100vw, 1024px\" \/><\/figure><div class=\"wp-block-media-text__content\">\n<h4 class=\"wp-block-heading\">Daniela Teichgr\u00e4ber<\/h4>\n\n\n\n<p>Support, Backoffice<\/p>\n\n\n\n<p><a href=\"mailto:daniela.teichgraeber@asmi.de\" class=\"ek-link\">daniela.teichgraeber@asmi.de<\/a><\/p>\n<\/div><\/div>\n\n\n\n<h4 class=\"wp-block-heading\">Technik:<\/h4>\n\n\n\n<div class=\"wp-block-media-text alignwide is-stacked-on-mobile\" style=\"grid-template-columns:27% auto\"><figure class=\"wp-block-media-text__media\"><img loading=\"lazy\" decoding=\"async\" width=\"1024\" height=\"1024\" src=\"https:\/\/www.asmi.de\/cms\/wp-content\/uploads\/2023\/07\/Julian-Metza_2-1-1024x1024.jpg\" alt=\"\" class=\"wp-image-1832 size-full\" srcset=\"https:\/\/www.asmi.de\/cms\/wp-content\/uploads\/2023\/07\/Julian-Metza_2-1-1024x1024.jpg 1024w, https:\/\/www.asmi.de\/cms\/wp-content\/uploads\/2023\/07\/Julian-Metza_2-1-300x300.jpg 300w, https:\/\/www.asmi.de\/cms\/wp-content\/uploads\/2023\/07\/Julian-Metza_2-1-150x150.jpg 150w, https:\/\/www.asmi.de\/cms\/wp-content\/uploads\/2023\/07\/Julian-Metza_2-1-768x768.jpg 768w, https:\/\/www.asmi.de\/cms\/wp-content\/uploads\/2023\/07\/Julian-Metza_2-1-1536x1536.jpg 1536w, https:\/\/www.asmi.de\/cms\/wp-content\/uploads\/2023\/07\/Julian-Metza_2-1-400x400.jpg 400w, https:\/\/www.asmi.de\/cms\/wp-content\/uploads\/2023\/07\/Julian-Metza_2-1.jpg 1848w\" sizes=\"auto, (max-width: 1024px) 100vw, 1024px\" \/><\/figure><div class=\"wp-block-media-text__content\">\n<h4 class=\"wp-block-heading\">Julian Metza<\/h4>\n\n\n\n<p>Informatiker, LANCOM Professional Technician<br>IT-Support, Technik und Allesl\u00f6ser<\/p>\n\n\n\n<p><a href=\"mailto:julian.metza@asmi.de\" class=\"ek-link\">julian.metza@asmi.de<\/a><\/p>\n<\/div><\/div>\n\n\n\n<p><\/p>\n\n\n\n<div class=\"wp-block-media-text alignwide is-stacked-on-mobile\" style=\"grid-template-columns:27% auto\"><figure class=\"wp-block-media-text__media\"><img loading=\"lazy\" decoding=\"async\" width=\"1024\" height=\"1024\" src=\"https:\/\/www.asmi.de\/cms\/wp-content\/uploads\/2023\/07\/Marc-Eckel-2-1024x1024.jpg\" alt=\"\" class=\"wp-image-1833 size-full\" srcset=\"https:\/\/www.asmi.de\/cms\/wp-content\/uploads\/2023\/07\/Marc-Eckel-2-1024x1024.jpg 1024w, https:\/\/www.asmi.de\/cms\/wp-content\/uploads\/2023\/07\/Marc-Eckel-2-300x300.jpg 300w, https:\/\/www.asmi.de\/cms\/wp-content\/uploads\/2023\/07\/Marc-Eckel-2-150x150.jpg 150w, https:\/\/www.asmi.de\/cms\/wp-content\/uploads\/2023\/07\/Marc-Eckel-2-768x768.jpg 768w, https:\/\/www.asmi.de\/cms\/wp-content\/uploads\/2023\/07\/Marc-Eckel-2-1536x1536.jpg 1536w, https:\/\/www.asmi.de\/cms\/wp-content\/uploads\/2023\/07\/Marc-Eckel-2-400x400.jpg 400w, https:\/\/www.asmi.de\/cms\/wp-content\/uploads\/2023\/07\/Marc-Eckel-2.jpg 1711w\" sizes=\"auto, (max-width: 1024px) 100vw, 1024px\" \/><\/figure><div class=\"wp-block-media-text__content\">\n<h4 class=\"wp-block-heading\">Marc Eckel<\/h4>\n\n\n\n<p>Fachinformatiker f\u00fcr Systemintegration<br>IT-Support, Technik<\/p>\n\n\n\n<p><a href=\"mailto:marc.eckel@asmi.de\" class=\"ek-link\">marc.eckel@asmi.de<\/a><\/p>\n<\/div><\/div>\n\n\n\n<p><\/p>\n\n\n\n<div class=\"wp-block-media-text alignwide is-stacked-on-mobile\" style=\"grid-template-columns:27% auto\"><figure class=\"wp-block-media-text__media\"><img loading=\"lazy\" decoding=\"async\" width=\"1024\" height=\"1024\" src=\"https:\/\/www.asmi.de\/cms\/wp-content\/uploads\/2024\/07\/Julien-Claus-1024x1024.jpg\" alt=\"\" class=\"wp-image-1846 size-full\" srcset=\"https:\/\/www.asmi.de\/cms\/wp-content\/uploads\/2024\/07\/Julien-Claus-1024x1024.jpg 1024w, https:\/\/www.asmi.de\/cms\/wp-content\/uploads\/2024\/07\/Julien-Claus-300x300.jpg 300w, https:\/\/www.asmi.de\/cms\/wp-content\/uploads\/2024\/07\/Julien-Claus-150x150.jpg 150w, https:\/\/www.asmi.de\/cms\/wp-content\/uploads\/2024\/07\/Julien-Claus-768x768.jpg 768w, https:\/\/www.asmi.de\/cms\/wp-content\/uploads\/2024\/07\/Julien-Claus-1536x1536.jpg 1536w, https:\/\/www.asmi.de\/cms\/wp-content\/uploads\/2024\/07\/Julien-Claus-400x400.jpg 400w, https:\/\/www.asmi.de\/cms\/wp-content\/uploads\/2024\/07\/Julien-Claus.jpg 1963w\" sizes=\"auto, (max-width: 1024px) 100vw, 1024px\" \/><\/figure><div class=\"wp-block-media-text__content\">\n<h4 class=\"wp-block-heading\">Julien Claus<\/h4>\n\n\n\n<p>IT-Technik und IT-Support<\/p>\n\n\n\n<p><a href=\"mailto:julien.claus@asmi.de\" class=\"ek-link\">julien.claus@asmi.de<\/a><\/p>\n<\/div><\/div>\n\n\n\n<p><\/p>\n\n\n\n<div class=\"wp-block-media-text alignwide is-stacked-on-mobile\" style=\"grid-template-columns:27% auto\"><figure class=\"wp-block-media-text__media\"><img loading=\"lazy\" decoding=\"async\" width=\"1024\" height=\"1024\" src=\"https:\/\/www.asmi.de\/cms\/wp-content\/uploads\/2026\/04\/Mehmet-Ates-1024x1024.jpg\" alt=\"\" class=\"wp-image-1892 size-full\" srcset=\"https:\/\/www.asmi.de\/cms\/wp-content\/uploads\/2026\/04\/Mehmet-Ates-1024x1024.jpg 1024w, https:\/\/www.asmi.de\/cms\/wp-content\/uploads\/2026\/04\/Mehmet-Ates-300x300.jpg 300w, https:\/\/www.asmi.de\/cms\/wp-content\/uploads\/2026\/04\/Mehmet-Ates-150x150.jpg 150w, https:\/\/www.asmi.de\/cms\/wp-content\/uploads\/2026\/04\/Mehmet-Ates-768x768.jpg 768w, https:\/\/www.asmi.de\/cms\/wp-content\/uploads\/2026\/04\/Mehmet-Ates-1536x1536.jpg 1536w, https:\/\/www.asmi.de\/cms\/wp-content\/uploads\/2026\/04\/Mehmet-Ates-400x400.jpg 400w, https:\/\/www.asmi.de\/cms\/wp-content\/uploads\/2026\/04\/Mehmet-Ates.jpg 1977w\" sizes=\"auto, (max-width: 1024px) 100vw, 1024px\" \/><\/figure><div class=\"wp-block-media-text__content\">\n<h4 class=\"wp-block-heading\">Mehmet Ates<\/h4>\n\n\n\n<p>IT-Technik und IT-Support<\/p>\n\n\n\n<p><a href=\"mailto:mehmet.ates@asmi.de\" class=\"ek-link\">mehmet.ates@asmi.de<\/a><\/p>\n<\/div><\/div>\n\n\n\n<p><\/p>\n\n\n\n<p>Das ASMI-Team ist gerne f\u00fcr Sie da.<\/p>\n\n\n\n<p><\/p>\n\n\n\n<p><\/p>\n","protected":false},"excerpt":{"rendered":"<p>Das ASMI-Team ist gerne f\u00fcr Sie da. Gesch\u00e4ftsleitung: Andreas Schnepf Inhaber, medizinischer Informatiker,Fachkaufmann f\u00fcr Organisation (IHK) andreas.schnepf@asmi.de Christina Jahnke Prokura, Informatikkauffrau,Support und Technik, Backoffice christina.jahnke@asmi.de Organisation: Andrea Schlusen Medizinische FachangestellteSupport, Backoffice andrea.schlusen@asmi.de Melanie Metza Veranstaltungskauffrau (IHK)Support, Backoffice melanie.metza@asmi.de Daniela Teichgr\u00e4ber<\/p>\n","protected":false},"author":3,"featured_media":0,"parent":0,"menu_order":0,"comment_status":"closed","ping_status":"closed","template":"","meta":{"_editorskit_title_hidden":false,"_editorskit_reading_time":1,"_editorskit_is_block_options_detached":false,"_editorskit_block_options_position":"{}","footnotes":""},"class_list":["post-88","page","type-page","status-publish","hentry"],"_links":{"self":[{"href":"https:\/\/www.asmi.de\/cms\/wp-json\/wp\/v2\/pages\/88","targetHints":{"allow":["GET"]}}],"collection":[{"href":"https:\/\/www.asmi.de\/cms\/wp-json\/wp\/v2\/pages"}],"about":[{"href":"https:\/\/www.asmi.de\/cms\/wp-json\/wp\/v2\/types\/page"}],"author":[{"embeddable":true,"href":"https:\/\/www.asmi.de\/cms\/wp-json\/wp\/v2\/users\/3"}],"replies":[{"embeddable":true,"href":"https:\/\/www.asmi.de\/cms\/wp-json\/wp\/v2\/comments?post=88"}],"version-history":[{"count":51,"href":"https:\/\/www.asmi.de\/cms\/wp-json\/wp\/v2\/pages\/88\/revisions"}],"predecessor-version":[{"id":1895,"href":"https:\/\/www.asmi.de\/cms\/wp-json\/wp\/v2\/pages\/88\/revisions\/1895"}],"wp:attachment":[{"href":"https:\/\/www.asmi.de\/cms\/wp-json\/wp\/v2\/media?parent=88"}],"curies":[{"name":"wp","href":"https:\/\/api.w.org\/{rel}","templated":true}]}}