{"id":85,"date":"2019-08-07T21:50:01","date_gmt":"2019-08-07T19:50:01","guid":{"rendered":"https:\/\/www.asmi.de\/cms\/?page_id=85"},"modified":"2020-02-21T13:57:03","modified_gmt":"2020-02-21T12:57:03","slug":"firmenprofil","status":"publish","type":"page","link":"https:\/\/www.asmi.de\/cms\/firmenprofil\/","title":{"rendered":"Firmenprofil"},"content":{"rendered":"\n<p>Ma\u00dfgeschneiderte Praxis-EDV, ganzheitliche Beratung, sowie technische und programmspezifische Unterst\u00fctzung &#8211; all das und viel mehr bieten wir Ihnen.<\/p>\n\n\n\n<p>ASMI ist mit \u00fcber 150 Kunden eines der 5 gr\u00f6\u00dften Duria Support Center und sch\u00f6pft aus einem Erfahrungswertschatz von fast 30 Jahren EDV Betreuung.<\/p>\n\n\n\n<p>Unser Kundenstamm streckt sich weit \u00fcber das Rhein-Main-Gebiet hinaus. Wir betreuen und beraten Arztpraxen in ganz Hessen sowie dem Saarland und Baden-W\u00fcrttemberg. Auf bundesweiter Ebene beziehen zahlreiche Augenarztpraxen unsere Supportleistungen.<\/p>\n","protected":false},"excerpt":{"rendered":"<p>Ma\u00dfgeschneiderte Praxis-EDV, ganzheitliche Beratung, sowie technische und programmspezifische Unterst\u00fctzung &#8211; all das und viel mehr bieten wir Ihnen. ASMI ist mit \u00fcber 150 Kunden eines der 5 gr\u00f6\u00dften Duria Support Center und sch\u00f6pft aus einem Erfahrungswertschatz von fast 30 Jahren<\/p>\n","protected":false},"author":3,"featured_media":0,"parent":0,"menu_order":0,"comment_status":"closed","ping_status":"closed","template":"","meta":{"_editorskit_title_hidden":false,"_editorskit_reading_time":0,"_editorskit_is_block_options_detached":false,"_editorskit_block_options_position":"{}","footnotes":""},"class_list":["post-85","page","type-page","status-publish","hentry"],"_links":{"self":[{"href":"https:\/\/www.asmi.de\/cms\/wp-json\/wp\/v2\/pages\/85","targetHints":{"allow":["GET"]}}],"collection":[{"href":"https:\/\/www.asmi.de\/cms\/wp-json\/wp\/v2\/pages"}],"about":[{"href":"https:\/\/www.asmi.de\/cms\/wp-json\/wp\/v2\/types\/page"}],"author":[{"embeddable":true,"href":"https:\/\/www.asmi.de\/cms\/wp-json\/wp\/v2\/users\/3"}],"replies":[{"embeddable":true,"href":"https:\/\/www.asmi.de\/cms\/wp-json\/wp\/v2\/comments?post=85"}],"version-history":[{"count":6,"href":"https:\/\/www.asmi.de\/cms\/wp-json\/wp\/v2\/pages\/85\/revisions"}],"predecessor-version":[{"id":689,"href":"https:\/\/www.asmi.de\/cms\/wp-json\/wp\/v2\/pages\/85\/revisions\/689"}],"wp:attachment":[{"href":"https:\/\/www.asmi.de\/cms\/wp-json\/wp\/v2\/media?parent=85"}],"curies":[{"name":"wp","href":"https:\/\/api.w.org\/{rel}","templated":true}]}}