{"id":81,"date":"2019-08-07T21:45:46","date_gmt":"2019-08-07T19:45:46","guid":{"rendered":"https:\/\/www.asmi.de\/cms\/?page_id=81"},"modified":"2021-07-06T11:11:02","modified_gmt":"2021-07-06T09:11:02","slug":"ausbildung","status":"publish","type":"page","link":"https:\/\/www.asmi.de\/cms\/ausbildung\/","title":{"rendered":"Ausbildung"},"content":{"rendered":"\n<p>Wir bieten Ihnen mit der Ausbildung zum\/zur IT-Systemelektroniker(in) und zum\/zur Fachinformatiker(in) f\u00fcr Systemintegration verschiedene M\u00f6glichkeiten einer Ausbildung in einer innovationsfreudigen und modernen Branche. Desweiteren bieten wir in Zusammenarbeit mit unserem Partner, der Hochschule Darmstadt, die M\u00f6glichkeit, ein duales Studium durchzuf\u00fchren.\n<\/p>\n\n\n\n<div class=\"wp-block-image\"><figure class=\"alignright\"><a href=\"http:\/\/www.frankfurt-main.ihk.de\/berufsbildung\/ausbildung\/berufe\/i\/it_systemelektroniker\/\" target=\"_blank\" rel=\"noreferrer noopener\"><img decoding=\"async\" src=\"https:\/\/www.asmi.de\/fileadmin\/_processed_\/9\/e\/csm_IHK_abff7f79b5.jpg\" alt=\"\"\/><\/a><\/figure><\/div>\n\n\n\n<p><strong>IT-Systemelektroniker(in)<\/strong>\n<\/p>\n\n\n\n<p>Als IT-Systemelektroniker(in) planen und installieren Sie kundenspezifische Systeme, konfigurieren diese und nehmen sie in Betrieb. Au\u00dferdem warten Sie die Systeme, analysieren Fehler und beseitigen diese. Des Weiteren sind Sie f\u00fcr die Beratung und Schulung von Kunden zust\u00e4ndig. <\/p>\n\n\n\n<p>Weitere Informationen zu diesem Ausbildungsberuf finden Sie <a href=\"http:\/\/www.frankfurt-main.ihk.de\/berufsbildung\/ausbildung\/berufe\/i\/it_systemelektroniker\/\" target=\"_blank\" rel=\"noreferrer noopener\">auf der Homepage der IHK<\/a>.<\/p>\n\n\n\n<div class=\"wp-block-image\"><figure class=\"alignright\"><a href=\"http:\/\/www.frankfurt-main.ihk.de\/berufsbildung\/ausbildung\/berufe\/f\/fachinformatiker_systemintegration\/\" target=\"_blank\" rel=\"noreferrer noopener\"><img decoding=\"async\" src=\"https:\/\/www.asmi.de\/fileadmin\/_processed_\/9\/e\/csm_IHK_abff7f79b5.jpg\" alt=\"\"\/><\/a><\/figure><\/div>\n\n\n\n<p><strong>Fachinformatiker(in) f\u00fcr Systemintegration<\/strong>\n<\/p>\n\n\n\n<p>Als Fachinformatiker(in) der Fachrichtung Systemintegration realisieren Sie kundenspezifische Informations- und Kommunikationsl\u00f6sungen. Hierf\u00fcr vernetzen Sie Hard- und Softwarekomponenten zu komplexen Systemen. Daneben sind Sie f\u00fcr die Beratung und Schulung der Benutzer zust\u00e4ndig. <\/p>\n\n\n\n<p>Weitere Informationen zu diesem Ausbildungsberuf finden Sie <a rel=\"noreferrer noopener\" href=\"http:\/\/www.frankfurt-main.ihk.de\/berufsbildung\/ausbildung\/berufe\/f\/fachinformatiker_systemintegration\/\" target=\"_blank\" class=\"ek-link\">auf der Homepage der IHK<\/a>.<\/p>\n\n\n\n<div class=\"wp-block-image\"><figure class=\"alignright\"><a href=\"https:\/\/www.fbi.h-da.de\/studium\/informatik-dual\" target=\"_blank\" rel=\"noreferrer noopener\"><img decoding=\"async\" src=\"https:\/\/www.asmi.de\/fileadmin\/_processed_\/8\/b\/csm_h_darmstadt_logo_7639f147ea.jpg\" alt=\"\"\/><\/a><\/figure><\/div>\n\n\n\n<p><strong>Duales Studium<\/strong>\n<\/p>\n\n\n\n<p>In Zusammenarbeit mit der Hochschule Darmstadt bieten wir Ihnen ebenfalls die M\u00f6glichkeit des dualen Studiums. Es vereint ein klassisches wissenschaftliches Studium mit praktischen Erfahrungen im Unternehmen.\n<\/p>\n\n\n\n<p>Weitere Informationen zu diesem Angebot finden Sie <a aria-label=\" (opens in a new tab)\" href=\"https:\/\/fbi.h-da.de\/studium\/studieninteressierte\/studieninteressierte-b-sc-informatik-dual\" target=\"_blank\" rel=\"noreferrer noopener\" class=\"ek-link\">auf der Homepage der Hochschule Darmstadt<\/a>.<\/p>\n\n\n\n<p>Wir freuen uns, wenn Sie einen Blick in unsere <a href=\"https:\/\/www.asmi.de\/cms\/jobs\/\" class=\"ek-link\">Jobangebote <\/a>werfen.<\/p>\n","protected":false},"excerpt":{"rendered":"<p>Wir bieten Ihnen mit der Ausbildung zum\/zur IT-Systemelektroniker(in) und zum\/zur Fachinformatiker(in) f\u00fcr Systemintegration verschiedene M\u00f6glichkeiten einer Ausbildung in einer innovationsfreudigen und modernen Branche. Desweiteren bieten wir in Zusammenarbeit mit unserem Partner, der Hochschule Darmstadt, die M\u00f6glichkeit, ein duales Studium durchzuf\u00fchren.<\/p>\n","protected":false},"author":3,"featured_media":0,"parent":0,"menu_order":0,"comment_status":"closed","ping_status":"closed","template":"","meta":{"_editorskit_title_hidden":false,"_editorskit_reading_time":1,"_editorskit_is_block_options_detached":false,"_editorskit_block_options_position":"{}","footnotes":""},"class_list":["post-81","page","type-page","status-publish","hentry"],"_links":{"self":[{"href":"https:\/\/www.asmi.de\/cms\/wp-json\/wp\/v2\/pages\/81","targetHints":{"allow":["GET"]}}],"collection":[{"href":"https:\/\/www.asmi.de\/cms\/wp-json\/wp\/v2\/pages"}],"about":[{"href":"https:\/\/www.asmi.de\/cms\/wp-json\/wp\/v2\/types\/page"}],"author":[{"embeddable":true,"href":"https:\/\/www.asmi.de\/cms\/wp-json\/wp\/v2\/users\/3"}],"replies":[{"embeddable":true,"href":"https:\/\/www.asmi.de\/cms\/wp-json\/wp\/v2\/comments?post=81"}],"version-history":[{"count":8,"href":"https:\/\/www.asmi.de\/cms\/wp-json\/wp\/v2\/pages\/81\/revisions"}],"predecessor-version":[{"id":1396,"href":"https:\/\/www.asmi.de\/cms\/wp-json\/wp\/v2\/pages\/81\/revisions\/1396"}],"wp:attachment":[{"href":"https:\/\/www.asmi.de\/cms\/wp-json\/wp\/v2\/media?parent=81"}],"curies":[{"name":"wp","href":"https:\/\/api.w.org\/{rel}","templated":true}]}}