{"id":737,"date":"2020-02-28T09:50:30","date_gmt":"2020-02-28T08:50:30","guid":{"rendered":"https:\/\/www.asmi.de\/cms\/?page_id=737"},"modified":"2020-02-28T10:02:47","modified_gmt":"2020-02-28T09:02:47","slug":"telefonsteuerung","status":"publish","type":"page","link":"https:\/\/www.asmi.de\/cms\/telefonsteuerung\/","title":{"rendered":"Telefonsteuerung"},"content":{"rendered":"\n<p>Als eingebautes Modul in Duria und vollst\u00e4ndig kostenfrei finden Sie die M\u00f6glichkeit Ihre Telefonie an die Duriasoftware anzukoppeln. Dabei unterst\u00fctz Duria nicht nur die TAPI-Schnittstelle, sondern kann mit jeder befehlszeilenf\u00e4higen Telefonsoftware interagieren.<\/p>\n\n\n\n<div class=\"wp-block-image\"><figure class=\"alignright size-large is-resized\"><img loading=\"lazy\" decoding=\"async\" src=\"https:\/\/www.asmi.de\/cms\/wp-content\/uploads\/2020\/02\/duria-anwahl-1024x719.png\" alt=\"\" class=\"wp-image-738\" width=\"439\" height=\"308\" srcset=\"https:\/\/www.asmi.de\/cms\/wp-content\/uploads\/2020\/02\/duria-anwahl-1024x719.png 1024w, https:\/\/www.asmi.de\/cms\/wp-content\/uploads\/2020\/02\/duria-anwahl-300x211.png 300w, https:\/\/www.asmi.de\/cms\/wp-content\/uploads\/2020\/02\/duria-anwahl-768x539.png 768w, https:\/\/www.asmi.de\/cms\/wp-content\/uploads\/2020\/02\/duria-anwahl.png 1206w\" sizes=\"auto, (max-width: 439px) 100vw, 439px\" \/><\/figure><\/div>\n\n\n\n<p><br>Es wir so m\u00f6glich direkt aus Duria und mit nur einem Klick einen Patienten mit dem gew\u00fcnschten Telefon in Ihrer Praxis anzurufen. Kein l\u00e4stiges Vertippen beim Anw\u00e4hlen am Telefon und auch kein Copy&amp;Paste in eine Telefonsoftware.<\/p>\n\n\n\n<p>Haben Sie mehrere Rufnummern in den Stammdaten der Patienten hinterlegt, fragt Sie Duria nat\u00fcrlich, welche der Rufnummern Sie f\u00fcr Ihren Anruf verwenden m\u00f6chten. (siehe Abbildung)<\/p>\n\n\n\n<p><br>Und auch f\u00fcr eingehende Anrufe ist es m\u00f6glich Duria anzusteuern. Ihr Pratientenverwaltungsprogramm fragt Sie in diesem Falle nach erfolgter Gespr\u00e4chsannahme, ob Sie bei erkannter Rufnummer direkt in die Kartei des entsprechenden Patienten springen m\u00f6chten. So sparen ihre Mitarbeiter wertvolle Zeit beim Nachfragen bei komplizierten Namenskonstellationen und der Suche des richtigen Patienten.<\/p>\n","protected":false},"excerpt":{"rendered":"<p>Als eingebautes Modul in Duria und vollst\u00e4ndig kostenfrei finden Sie die M\u00f6glichkeit Ihre Telefonie an die Duriasoftware anzukoppeln. Dabei unterst\u00fctz Duria nicht nur die TAPI-Schnittstelle, sondern kann mit jeder befehlszeilenf\u00e4higen Telefonsoftware interagieren. Es wir so m\u00f6glich direkt aus Duria und<\/p>\n","protected":false},"author":4,"featured_media":0,"parent":0,"menu_order":0,"comment_status":"closed","ping_status":"closed","template":"","meta":{"_editorskit_title_hidden":false,"_editorskit_reading_time":0,"_editorskit_is_block_options_detached":false,"_editorskit_block_options_position":"{}","footnotes":""},"class_list":["post-737","page","type-page","status-publish","hentry"],"_links":{"self":[{"href":"https:\/\/www.asmi.de\/cms\/wp-json\/wp\/v2\/pages\/737","targetHints":{"allow":["GET"]}}],"collection":[{"href":"https:\/\/www.asmi.de\/cms\/wp-json\/wp\/v2\/pages"}],"about":[{"href":"https:\/\/www.asmi.de\/cms\/wp-json\/wp\/v2\/types\/page"}],"author":[{"embeddable":true,"href":"https:\/\/www.asmi.de\/cms\/wp-json\/wp\/v2\/users\/4"}],"replies":[{"embeddable":true,"href":"https:\/\/www.asmi.de\/cms\/wp-json\/wp\/v2\/comments?post=737"}],"version-history":[{"count":8,"href":"https:\/\/www.asmi.de\/cms\/wp-json\/wp\/v2\/pages\/737\/revisions"}],"predecessor-version":[{"id":747,"href":"https:\/\/www.asmi.de\/cms\/wp-json\/wp\/v2\/pages\/737\/revisions\/747"}],"wp:attachment":[{"href":"https:\/\/www.asmi.de\/cms\/wp-json\/wp\/v2\/media?parent=737"}],"curies":[{"name":"wp","href":"https:\/\/api.w.org\/{rel}","templated":true}]}}