{"id":602,"date":"2020-02-20T14:58:29","date_gmt":"2020-02-20T13:58:29","guid":{"rendered":"https:\/\/www.asmi.de\/cms\/?page_id=602"},"modified":"2020-02-20T17:16:11","modified_gmt":"2020-02-20T16:16:11","slug":"technik","status":"publish","type":"page","link":"https:\/\/www.asmi.de\/cms\/technik\/","title":{"rendered":"Technik"},"content":{"rendered":"\n<p>Neben dem umfassenden Support des Praxissystems Duria Classic und Duria2 bieten wir Ihnen auch im Bereich der Technik kompetente Unterst\u00fctzung.<\/p>\n\n\n\n<p>Gerne entwickeln wir mit Ihnen zusammen ein auf Ihre Praxis abgestimmtes Technikkonzept. Wir k\u00f6nnen auch hier auf \u00fcber zwei Jahrzehnte Erfahrung zur\u00fcckgreifen, um Ihnen die besten L\u00f6sungen anbieten zu k\u00f6nnen.<\/p>\n\n\n\n<p>Mit unseren Partnern entwickeln und betreiben wir f\u00fcr Sie ihre digitale Infrastruktur. Dies umfasst neben der reinen Hardware nat\u00fcrlich auch Softwareinstallation, -pflege, Telekommunikationsl\u00f6sungen und Ihren Internetauftritt.<\/p>\n","protected":false},"excerpt":{"rendered":"<p>Neben dem umfassenden Support des Praxissystems Duria Classic und Duria2 bieten wir Ihnen auch im Bereich der Technik kompetente Unterst\u00fctzung. Gerne entwickeln wir mit Ihnen zusammen ein auf Ihre Praxis abgestimmtes Technikkonzept. Wir k\u00f6nnen auch hier auf \u00fcber zwei Jahrzehnte<\/p>\n","protected":false},"author":4,"featured_media":0,"parent":0,"menu_order":0,"comment_status":"closed","ping_status":"closed","template":"","meta":{"_editorskit_title_hidden":false,"_editorskit_reading_time":0,"_editorskit_is_block_options_detached":false,"_editorskit_block_options_position":"{}","footnotes":""},"class_list":["post-602","page","type-page","status-publish","hentry"],"_links":{"self":[{"href":"https:\/\/www.asmi.de\/cms\/wp-json\/wp\/v2\/pages\/602","targetHints":{"allow":["GET"]}}],"collection":[{"href":"https:\/\/www.asmi.de\/cms\/wp-json\/wp\/v2\/pages"}],"about":[{"href":"https:\/\/www.asmi.de\/cms\/wp-json\/wp\/v2\/types\/page"}],"author":[{"embeddable":true,"href":"https:\/\/www.asmi.de\/cms\/wp-json\/wp\/v2\/users\/4"}],"replies":[{"embeddable":true,"href":"https:\/\/www.asmi.de\/cms\/wp-json\/wp\/v2\/comments?post=602"}],"version-history":[{"count":2,"href":"https:\/\/www.asmi.de\/cms\/wp-json\/wp\/v2\/pages\/602\/revisions"}],"predecessor-version":[{"id":678,"href":"https:\/\/www.asmi.de\/cms\/wp-json\/wp\/v2\/pages\/602\/revisions\/678"}],"wp:attachment":[{"href":"https:\/\/www.asmi.de\/cms\/wp-json\/wp\/v2\/media?parent=602"}],"curies":[{"name":"wp","href":"https:\/\/api.w.org\/{rel}","templated":true}]}}