{"id":325,"date":"2019-12-13T10:10:17","date_gmt":"2019-12-13T09:10:17","guid":{"rendered":"https:\/\/www.asmi.de\/cms\/?page_id=325"},"modified":"2020-02-20T12:42:07","modified_gmt":"2020-02-20T11:42:07","slug":"smart-card-login","status":"publish","type":"page","link":"https:\/\/www.asmi.de\/cms\/smart-card-login\/","title":{"rendered":"Smart Card Login"},"content":{"rendered":"\n<div class=\"wp-block-image\"><figure class=\"alignright size-large is-resized\"><img decoding=\"async\" src=\"https:\/\/www.asmi.de\/cms\/wp-content\/uploads\/2020\/02\/NFC.jpg\" alt=\"\" class=\"wp-image-562\" width=\"250\" srcset=\"https:\/\/www.asmi.de\/cms\/wp-content\/uploads\/2020\/02\/NFC.jpg 440w, https:\/\/www.asmi.de\/cms\/wp-content\/uploads\/2020\/02\/NFC-300x276.jpg 300w\" sizes=\"(max-width: 440px) 100vw, 440px\" \/><\/figure><\/div>\n\n\n\n<p>Um l\u00e4ngere Wartezeiten der Patienten zu vermeiden wechselt das Praxispersonal im Arbeitsalltag oftmals zwischen den Sprechzimmern. <\/p>\n\n\n\n<p>In der Praxis wird mit sehr sensiblen Daten gearbeitet. Da ein hohes Augenmerk auf dem Datenschutz liegt, ist es notwendig das Duria Programm auch in kurzer Abwesenheit per Passwort zu sch\u00fctzen.<\/p>\n\n\n\n<p>Ein st\u00e4ndiges aus- und einloggen ist nat\u00fcrlich m\u00fchselig. <br>Mit dem Smart Card Login wird es Ihnen einfach gemacht. Einfach die Karte auf den Leser legen und es kann losgehen. <br>Nach der Behandlung nimmt man die Karte vom Leser und das Duria System wird automatisch gesperrt.<\/p>\n","protected":false},"excerpt":{"rendered":"<p>Um l\u00e4ngere Wartezeiten der Patienten zu vermeiden wechselt das Praxispersonal im Arbeitsalltag oftmals zwischen den Sprechzimmern. In der Praxis wird mit sehr sensiblen Daten gearbeitet. Da ein hohes Augenmerk auf dem Datenschutz liegt, ist es notwendig das Duria Programm auch<\/p>\n","protected":false},"author":3,"featured_media":0,"parent":0,"menu_order":0,"comment_status":"closed","ping_status":"closed","template":"","meta":{"_editorskit_title_hidden":false,"_editorskit_reading_time":0,"_editorskit_is_block_options_detached":false,"_editorskit_block_options_position":"{}","footnotes":""},"class_list":["post-325","page","type-page","status-publish","hentry"],"_links":{"self":[{"href":"https:\/\/www.asmi.de\/cms\/wp-json\/wp\/v2\/pages\/325","targetHints":{"allow":["GET"]}}],"collection":[{"href":"https:\/\/www.asmi.de\/cms\/wp-json\/wp\/v2\/pages"}],"about":[{"href":"https:\/\/www.asmi.de\/cms\/wp-json\/wp\/v2\/types\/page"}],"author":[{"embeddable":true,"href":"https:\/\/www.asmi.de\/cms\/wp-json\/wp\/v2\/users\/3"}],"replies":[{"embeddable":true,"href":"https:\/\/www.asmi.de\/cms\/wp-json\/wp\/v2\/comments?post=325"}],"version-history":[{"count":8,"href":"https:\/\/www.asmi.de\/cms\/wp-json\/wp\/v2\/pages\/325\/revisions"}],"predecessor-version":[{"id":563,"href":"https:\/\/www.asmi.de\/cms\/wp-json\/wp\/v2\/pages\/325\/revisions\/563"}],"wp:attachment":[{"href":"https:\/\/www.asmi.de\/cms\/wp-json\/wp\/v2\/media?parent=325"}],"curies":[{"name":"wp","href":"https:\/\/api.w.org\/{rel}","templated":true}]}}