{"id":319,"date":"2019-12-13T09:59:32","date_gmt":"2019-12-13T08:59:32","guid":{"rendered":"https:\/\/www.asmi.de\/cms\/?page_id=319"},"modified":"2020-02-20T15:12:09","modified_gmt":"2020-02-20T14:12:09","slug":"heimarbeit","status":"publish","type":"page","link":"https:\/\/www.asmi.de\/cms\/heimarbeit\/","title":{"rendered":"Heimarbeit"},"content":{"rendered":"\n<div class=\"wp-block-image\"><figure class=\"alignright size-large is-resized\"><img decoding=\"async\" src=\"https:\/\/www.asmi.de\/cms\/wp-content\/uploads\/2020\/02\/Heimarbeit-2.jpg\" alt=\"\" class=\"wp-image-585\" width=\"200\" srcset=\"https:\/\/www.asmi.de\/cms\/wp-content\/uploads\/2020\/02\/Heimarbeit-2.jpg 627w, https:\/\/www.asmi.de\/cms\/wp-content\/uploads\/2020\/02\/Heimarbeit-2-300x286.jpg 300w\" sizes=\"(max-width: 627px) 100vw, 627px\" \/><\/figure><\/div>\n\n\n\n<p>Nirgends ist es sch\u00f6ner als zuhause.<\/p>\n\n\n\n<p>Wer kennt es nicht, die Welt dreht sich schneller denn je, doch die eigene Zeit ist selten \u00fcppig. Gerade als Selbstst\u00e4ndiger oder leitende Mitarbeiter\/in ist der Wunsch nach einer besseren Vereinbarkeit von Privat- und Berufsleben weit verbreitet.<\/p>\n\n\n\n<p>Wir bieten Ihnen die M\u00f6glichkeit Ihre Software auch von zuhause oder unterwegs zu benutzen, ganz als w\u00e4ren Sie selbst vorort. Ob Duria in all seinen Funktionen, Buchhaltung, Qualit\u00e4tsmanagement oder auch Telefonie sind dank aktuellster Technik ohne Probleme nutzbar.<\/p>\n\n\n\n<p>Nutzen Sie die M\u00f6glichkeiten der Digitalisierung und bieten Sie Ihren MitarbeiterInnen die Option auf flexible Arbeitsmodelle um Ihr Unternehmen attraktiv f\u00fcr Ihre Angestellten zu gestalten.<\/p>\n","protected":false},"excerpt":{"rendered":"<p>Nirgends ist es sch\u00f6ner als zuhause. Wer kennt es nicht, die Welt dreht sich schneller denn je, doch die eigene Zeit ist selten \u00fcppig. Gerade als Selbstst\u00e4ndiger oder leitende Mitarbeiter\/in ist der Wunsch nach einer besseren Vereinbarkeit von Privat- und<\/p>\n","protected":false},"author":3,"featured_media":0,"parent":0,"menu_order":0,"comment_status":"closed","ping_status":"closed","template":"","meta":{"_editorskit_title_hidden":false,"_editorskit_reading_time":0,"_editorskit_is_block_options_detached":false,"_editorskit_block_options_position":"{}","footnotes":""},"class_list":["post-319","page","type-page","status-publish","hentry"],"_links":{"self":[{"href":"https:\/\/www.asmi.de\/cms\/wp-json\/wp\/v2\/pages\/319","targetHints":{"allow":["GET"]}}],"collection":[{"href":"https:\/\/www.asmi.de\/cms\/wp-json\/wp\/v2\/pages"}],"about":[{"href":"https:\/\/www.asmi.de\/cms\/wp-json\/wp\/v2\/types\/page"}],"author":[{"embeddable":true,"href":"https:\/\/www.asmi.de\/cms\/wp-json\/wp\/v2\/users\/3"}],"replies":[{"embeddable":true,"href":"https:\/\/www.asmi.de\/cms\/wp-json\/wp\/v2\/comments?post=319"}],"version-history":[{"count":7,"href":"https:\/\/www.asmi.de\/cms\/wp-json\/wp\/v2\/pages\/319\/revisions"}],"predecessor-version":[{"id":618,"href":"https:\/\/www.asmi.de\/cms\/wp-json\/wp\/v2\/pages\/319\/revisions\/618"}],"wp:attachment":[{"href":"https:\/\/www.asmi.de\/cms\/wp-json\/wp\/v2\/media?parent=319"}],"curies":[{"name":"wp","href":"https:\/\/api.w.org\/{rel}","templated":true}]}}