{"id":313,"date":"2019-12-13T09:56:09","date_gmt":"2019-12-13T08:56:09","guid":{"rendered":"https:\/\/www.asmi.de\/cms\/?page_id=313"},"modified":"2020-02-20T14:58:01","modified_gmt":"2020-02-20T13:58:01","slug":"hzv","status":"publish","type":"page","link":"https:\/\/www.asmi.de\/cms\/hzv\/","title":{"rendered":"HZV"},"content":{"rendered":"\n<div class=\"wp-block-image\"><figure class=\"alignright size-large is-resized\"><img decoding=\"async\" src=\"https:\/\/www.asmi.de\/cms\/wp-content\/uploads\/2020\/02\/Hand.jpg\" alt=\"\" class=\"wp-image-601\" width=\"200\" srcset=\"https:\/\/www.asmi.de\/cms\/wp-content\/uploads\/2020\/02\/Hand.jpg 563w, https:\/\/www.asmi.de\/cms\/wp-content\/uploads\/2020\/02\/Hand-296x300.jpg 296w\" sizes=\"(max-width: 563px) 100vw, 563px\" \/><\/figure><\/div>\n\n\n\n<p>Die Hausarztzentrierte Versorung (HZV) bietet Ihren Patienten die M\u00f6glichkeit die Vorz\u00fcge einer ganzheitlichen Versorgung zu beziehen.<br>Sie als Hausarzt sind der Koordinator zwischen den Fach\u00e4rzten, welche die Patienten betreuen, und somit die wichtigste Anlaufstelle.<\/p>\n\n\n\n<p>Im Duria-Programm ist diese Koordination und die damit verbundene Abrechnung durch ein Zusatzmodul gel\u00f6st.<br>Der Fokus liegt hierbei auf der benutzerfreundlichen, einfachen Bedienung, sodass Sie sich auf das wesentliche konzentrieren k\u00f6nnen &#8211; den Patientenkontakt.<\/p>\n\n\n\n<p>Mit dem sogenannten VT-Modul (Vertragsmodul) k\u00f6nnen die Vertr\u00e4ge zwischen Patient und Arzt online, also ohne zus\u00e4tzlichen Postversand, abgeschlossen und gepr\u00fcft werden. <\/p>\n\n\n\n<p>Die Abrechnung am Quartalsende kann ebenso in wenigen Schritten online Versand werden.<\/p>\n","protected":false},"excerpt":{"rendered":"<p>Die Hausarztzentrierte Versorung (HZV) bietet Ihren Patienten die M\u00f6glichkeit die Vorz\u00fcge einer ganzheitlichen Versorgung zu beziehen.Sie als Hausarzt sind der Koordinator zwischen den Fach\u00e4rzten, welche die Patienten betreuen, und somit die wichtigste Anlaufstelle. Im Duria-Programm ist diese Koordination und die<\/p>\n","protected":false},"author":3,"featured_media":0,"parent":0,"menu_order":0,"comment_status":"closed","ping_status":"closed","template":"","meta":{"_editorskit_title_hidden":false,"_editorskit_reading_time":0,"_editorskit_is_block_options_detached":false,"_editorskit_block_options_position":"{}","footnotes":""},"class_list":["post-313","page","type-page","status-publish","hentry"],"_links":{"self":[{"href":"https:\/\/www.asmi.de\/cms\/wp-json\/wp\/v2\/pages\/313","targetHints":{"allow":["GET"]}}],"collection":[{"href":"https:\/\/www.asmi.de\/cms\/wp-json\/wp\/v2\/pages"}],"about":[{"href":"https:\/\/www.asmi.de\/cms\/wp-json\/wp\/v2\/types\/page"}],"author":[{"embeddable":true,"href":"https:\/\/www.asmi.de\/cms\/wp-json\/wp\/v2\/users\/3"}],"replies":[{"embeddable":true,"href":"https:\/\/www.asmi.de\/cms\/wp-json\/wp\/v2\/comments?post=313"}],"version-history":[{"count":4,"href":"https:\/\/www.asmi.de\/cms\/wp-json\/wp\/v2\/pages\/313\/revisions"}],"predecessor-version":[{"id":603,"href":"https:\/\/www.asmi.de\/cms\/wp-json\/wp\/v2\/pages\/313\/revisions\/603"}],"wp:attachment":[{"href":"https:\/\/www.asmi.de\/cms\/wp-json\/wp\/v2\/media?parent=313"}],"curies":[{"name":"wp","href":"https:\/\/api.w.org\/{rel}","templated":true}]}}