{"id":142,"date":"2019-08-07T22:08:44","date_gmt":"2019-08-07T20:08:44","guid":{"rendered":"https:\/\/www.asmi.de\/cms\/?page_id=142"},"modified":"2020-02-28T10:38:26","modified_gmt":"2020-02-28T09:38:26","slug":"zeiterfasssung","status":"publish","type":"page","link":"https:\/\/www.asmi.de\/cms\/zeiterfasssung\/","title":{"rendered":"Zeiterfassung"},"content":{"rendered":"\n<div class=\"wp-block-image\"><figure class=\"alignright size-large is-resized\"><img decoding=\"async\" src=\"https:\/\/www.asmi.de\/cms\/wp-content\/uploads\/2020\/02\/Zeiterfassung-7.jpg\" alt=\"\" class=\"wp-image-572\" width=\"200\" srcset=\"https:\/\/www.asmi.de\/cms\/wp-content\/uploads\/2020\/02\/Zeiterfassung-7.jpg 571w, https:\/\/www.asmi.de\/cms\/wp-content\/uploads\/2020\/02\/Zeiterfassung-7-300x280.jpg 300w\" sizes=\"(max-width: 571px) 100vw, 571px\" \/><\/figure><\/div>\n\n\n\n<p>Wenn wir Duria f\u00fcr Sie eingerichtet haben k\u00f6nnen Sie unser zus\u00e4tzliches Angebot wahrnehmen und die Zeiterfassung f\u00fcr die Arbeitszeit Ihrer Mitarbeiter in Duria integrieren. <\/p>\n\n\n\n<p>Ihre Mitarbeiter k\u00f6nnen ihr Kommen und Gehen in Duria eintragen und Sie die Zeitkonten innerhalb von Duria verwalten. <\/p>\n","protected":false},"excerpt":{"rendered":"<p>Wenn wir Duria f\u00fcr Sie eingerichtet haben k\u00f6nnen Sie unser zus\u00e4tzliches Angebot wahrnehmen und die Zeiterfassung f\u00fcr die Arbeitszeit Ihrer Mitarbeiter in Duria integrieren. Ihre Mitarbeiter k\u00f6nnen ihr Kommen und Gehen in Duria eintragen und Sie die Zeitkonten innerhalb von<\/p>\n","protected":false},"author":3,"featured_media":0,"parent":0,"menu_order":0,"comment_status":"closed","ping_status":"closed","template":"","meta":{"_editorskit_title_hidden":false,"_editorskit_reading_time":0,"_editorskit_is_block_options_detached":false,"_editorskit_block_options_position":"{}","footnotes":""},"class_list":["post-142","page","type-page","status-publish","hentry"],"_links":{"self":[{"href":"https:\/\/www.asmi.de\/cms\/wp-json\/wp\/v2\/pages\/142","targetHints":{"allow":["GET"]}}],"collection":[{"href":"https:\/\/www.asmi.de\/cms\/wp-json\/wp\/v2\/pages"}],"about":[{"href":"https:\/\/www.asmi.de\/cms\/wp-json\/wp\/v2\/types\/page"}],"author":[{"embeddable":true,"href":"https:\/\/www.asmi.de\/cms\/wp-json\/wp\/v2\/users\/3"}],"replies":[{"embeddable":true,"href":"https:\/\/www.asmi.de\/cms\/wp-json\/wp\/v2\/comments?post=142"}],"version-history":[{"count":5,"href":"https:\/\/www.asmi.de\/cms\/wp-json\/wp\/v2\/pages\/142\/revisions"}],"predecessor-version":[{"id":578,"href":"https:\/\/www.asmi.de\/cms\/wp-json\/wp\/v2\/pages\/142\/revisions\/578"}],"wp:attachment":[{"href":"https:\/\/www.asmi.de\/cms\/wp-json\/wp\/v2\/media?parent=142"}],"curies":[{"name":"wp","href":"https:\/\/api.w.org\/{rel}","templated":true}]}}