{"id":136,"date":"2019-08-07T22:02:59","date_gmt":"2019-08-07T20:02:59","guid":{"rendered":"https:\/\/www.asmi.de\/cms\/?page_id=136"},"modified":"2024-11-21T23:45:40","modified_gmt":"2024-11-21T22:45:40","slug":"vorraussetzungen","status":"publish","type":"page","link":"https:\/\/www.asmi.de\/cms\/vorraussetzungen\/","title":{"rendered":"Systemvoraussetzungen"},"content":{"rendered":"\n<p>F\u00fcr einen unterbrechungsfreien Arbeitsfluss in Ihrer Praxis ist es unverzichtbar, die Hardware entsprechend zu dimensionieren. Damit Ihre EDV nicht zum Flaschenhals wird, ein optimaler Praxisbetrieb erm\u00f6glicht und die Zukunftssicherheit ihrer EDV gew\u00e4hrleistet ist, empfehlen wir untenstehende Konfigurationen.<\/p>\n\n\n\n<p>Zu beachten gilt aber: Jede Praxis hat individuelle betriebliche Abl\u00e4ufe, Digitalisierungsgrade, Datenaufkommen, Anwendungen, physikalisch Gegebenheiten und somit ganz eigene Anforderungen an das Gesamtsystem.<\/p>\n\n\n\n<p>Um die optimale L\u00f6sung f\u00fcr Sie und Ihre Praxis zusammenzustellen, gehen wir nat\u00fcrlich gerne auf Ihre aktuelle Praxiskonfiguration ein und passen die folgenden Grundlagen Ihrer Praxis und ihren individuellen Anforderungen an.<\/p>\n\n\n\n<p>Ein <strong>einfacher Arbeitsplatz<\/strong> sollte folgend ausger\u00fcstet sein, um die Mindestanforderungen f\u00fcr DURIA, eine zeitgem\u00e4\u00dfe Benutzererfahrung im Rahmen von Verwaltungst\u00e4tigkeiten und eine ausreichende Zukunftssicherheit sicher zu stellen: <\/p>\n\n\n\n<ul class=\"wp-block-list\">\n<li>Prozessor: Intel i3 8th Gen<\/li>\n\n\n\n<li>Arbeitsspeicher: 8GB<\/li>\n\n\n\n<li>Festplattenspeicher: 250GB<\/li>\n\n\n\n<li>Betriebssystem: Windows 11<\/li>\n\n\n\n<li>H\u00f6henverstellbarer Bildschirm in FullHD<\/li>\n\n\n\n<li>Zentral gemanagter Virenschutz<\/li>\n<\/ul>\n\n\n\n<p>Ein <strong>kleiner 1-Arzt-Server<\/strong> sollte mindestens folgende Anforderungen erf\u00fcllen, um eine gute Systemstabilit\u00e4t, die Leistungsanforderungen der n\u00e4chsten f\u00fcnf Jahre, eine zeitgem\u00e4\u00dfe Backupstrategie und gute Wartbarkeit abdecken zu k\u00f6nnen:<\/p>\n\n\n\n<ul class=\"wp-block-list\">\n<li>Prozessor: Intel Xeon E-2334<\/li>\n\n\n\n<li>Arbeitsspeicher: 32GB ECC<\/li>\n\n\n\n<li>Festplattenspeicher: 1TB SSD RAID1 und 2TB HDD RAID1<\/li>\n\n\n\n<li>Betriebssystem: Windows Server 2019<\/li>\n\n\n\n<li>Zwei Netzwerkschnittstellen<\/li>\n<\/ul>\n\n\n\n<p>Das <strong>Netzwerk<\/strong> sollte mindestens folgende Eigenschaften aufweisen, um dem Stand der Technik und der IT-Sicherheitsrichtline der KBV gerecht werden zu k\u00f6nnen:<\/p>\n\n\n\n<ul class=\"wp-block-list\">\n<li>Gemanagte Gigabit Switches<\/li>\n\n\n\n<li>VPN-, VLAN- und ARF-f\u00e4hige Router oder Hardwarefirewall<\/li>\n\n\n\n<li>Layer-5 Firewall mit IDS\/P und DPI<\/li>\n<\/ul>\n","protected":false},"excerpt":{"rendered":"<p>F\u00fcr einen unterbrechungsfreien Arbeitsfluss in Ihrer Praxis ist es unverzichtbar, die Hardware entsprechend zu dimensionieren. Damit Ihre EDV nicht zum Flaschenhals wird, ein optimaler Praxisbetrieb erm\u00f6glicht und die Zukunftssicherheit ihrer EDV gew\u00e4hrleistet ist, empfehlen wir untenstehende Konfigurationen. Zu beachten gilt<\/p>\n","protected":false},"author":3,"featured_media":0,"parent":0,"menu_order":0,"comment_status":"closed","ping_status":"closed","template":"","meta":{"_editorskit_title_hidden":false,"_editorskit_reading_time":0,"_editorskit_is_block_options_detached":false,"_editorskit_block_options_position":"{}","footnotes":""},"class_list":["post-136","page","type-page","status-publish","hentry"],"_links":{"self":[{"href":"https:\/\/www.asmi.de\/cms\/wp-json\/wp\/v2\/pages\/136","targetHints":{"allow":["GET"]}}],"collection":[{"href":"https:\/\/www.asmi.de\/cms\/wp-json\/wp\/v2\/pages"}],"about":[{"href":"https:\/\/www.asmi.de\/cms\/wp-json\/wp\/v2\/types\/page"}],"author":[{"embeddable":true,"href":"https:\/\/www.asmi.de\/cms\/wp-json\/wp\/v2\/users\/3"}],"replies":[{"embeddable":true,"href":"https:\/\/www.asmi.de\/cms\/wp-json\/wp\/v2\/comments?post=136"}],"version-history":[{"count":31,"href":"https:\/\/www.asmi.de\/cms\/wp-json\/wp\/v2\/pages\/136\/revisions"}],"predecessor-version":[{"id":1864,"href":"https:\/\/www.asmi.de\/cms\/wp-json\/wp\/v2\/pages\/136\/revisions\/1864"}],"wp:attachment":[{"href":"https:\/\/www.asmi.de\/cms\/wp-json\/wp\/v2\/media?parent=136"}],"curies":[{"name":"wp","href":"https:\/\/api.w.org\/{rel}","templated":true}]}}