{"id":112,"date":"2019-08-07T21:57:04","date_gmt":"2019-08-07T19:57:04","guid":{"rendered":"https:\/\/www.asmi.de\/cms\/?page_id=112"},"modified":"2020-02-28T10:31:18","modified_gmt":"2020-02-28T09:31:18","slug":"cloud","status":"publish","type":"page","link":"https:\/\/www.asmi.de\/cms\/cloud\/","title":{"rendered":"Cloudl\u00f6sungen"},"content":{"rendered":"\n<p>Heute spricht jeder von ihr. Der Cloud. Doch wof\u00fcr ist sie n\u00fctze und welche M\u00f6glichkeiten aber auch Gefahren ergeben sich mit dem Nutzen einer Cloudl\u00f6sung? Wir beraten Sie gerne, damit Sie das richtige Ma\u00df an &#8222;Cloud&#8220; f\u00fcr sich und Ihr Unternehmen finden. Sowohl aus der pers\u00f6nlichen Kosten-Nutzen, alsauch aus der regulatorischen Sichweise.<\/p>\n\n\n\n<p>Gerade kleine Unternehmen mit wenigen Arbeitspl\u00e4tzen k\u00f6nnen in manchen Bereichen stark von der Cloud profitieren. L\u00f6sungen, die sonst den &#8222;Gro\u00dfen&#8220; vorbehalten sind, werden durch die gemeinsame Nutzung f\u00fcr jeden einzelnen erschwinglich und erm\u00f6glichen trotz der gemeinsamen Nutzung den vollen Funktionsumfang in Anspruch zunehmen.<\/p>\n\n\n\n<h4 class=\"wp-block-heading\">Cloudduria<\/h4>\n\n\n\n<p>Mit Cloudduria bieten wir denjenigen, die haupts\u00e4chlich mobil oder an wechselnden Standorten im Einsatz sind, eine M\u00f6glichkeit, auf Serverhardware verzichten zu k\u00f6nnen. Sie sparen durch den Wegfall von Serverhardware und Netzwerkequipment nicht nur Platz, sondern auch Nerven, da Sie sich weder um die Erneuerung der Hardware noch um regelm\u00e4\u00dfige Backups und Softwareupdates selbst k\u00fcmmern m\u00fcssen. Diese erledigen wir f\u00fcr Sie.<\/p>\n\n\n\n<h4 class=\"wp-block-heading\">Cloudfirewall<\/h4>\n\n\n\n<p>Sie wollen mehr Sicherheit, als die Firewall in ihrem Router ihnen bieten kann? Wir k\u00f6nnen diese mit brandaktuellen Scan- und KI-L\u00f6sungen erweitern, die Ihren Internetverkehr zus\u00e4tzlich auf Malware und Bedrohungen pr\u00fcft, bevor diese \u00fcberhaupt Ihren Router geschweige denn ihre Netzwerkger\u00e4te erreichen. Wir filtern Spam in Ihren Emails aus und verhindern Werbung  und Phishing auf besuchten Homepages.<\/p>\n\n\n\n<p>Und nicht nur als Blackbox wie es z.B. mit dem Internetzugang (SIS) \u00fcber die TI angeboten wird, bei dem Sie keinerlei Einblick oder Anpassungsm\u00f6glichkeiten bez\u00fcglich der Filterung haben. Unsere L\u00f6sung bietet ger\u00e4tegranulare Steuerung der greifenden Firewallregeln auf Applikationsebene .<\/p>\n\n\n\n<p>Sollen die bildgebenden Untersuchungsger\u00e4te nicht ins Internet, manche Arbeitspl\u00e4tze nur im Web surfen d\u00fcrfen, Whatsapp und Facebook soll f\u00fcr alle ausgefiltert werden, au\u00dfer f\u00fcr Herrn M\u00fcller, der zwischen verschiedenen gemeinsam genutzten Arbeitspl\u00e4tzen von Kollegen wechselt? Kein Problem.<\/p>\n\n\n\n<h4 class=\"wp-block-heading\">Cloudbackup<\/h4>\n\n\n\n<p>Jeder Smartphonebesitzer sichert bereits die Einstellungen und Daten in die Cloud. Doch wohin eigentlich genau und wie kommt man bei einer Wiederherstellung an die gesicherten Daten heran? K\u00f6nnen wir die zu Grunde liegende Technik auch f\u00fcr unsere Daten im Unternehmen verwenden?<\/p>\n\n\n\n<p>Nat\u00fcrlich k\u00f6nnen Sie. Wir beraten Sie, welche L\u00f6sungen f\u00fcr Sie Sinn ergeben und unterst\u00fctzen Sie bei der sicheren Umsetzung als Konfigurator oder als Backupdienstleister.<\/p>\n\n\n\n<div class=\"wp-block-otfm-box-spoiler-start otfm-sp__wrapper otfm-sp__box js-otfm-sp-box__closed otfm-sp__f5f5f5\" role=\"button\" tabindex=\"0\" aria-expanded=\"false\" data-otfm-spc=\"#f5f5f5\" style=\"text-align:left\"><div class=\"otfm-sp__title\"> Ein Beispielszenario aus der Praxis <\/div><\/div>\n\n\n\n<p>Sie sichern Ihre Daten im Gesamtumfang von 953GB in die Cloud, besitzen vorort eine 16000er Internetleitung und Einbrecher haben am Wochenende Ihren verschl\u00fcsselten Server gestohlen.<\/p>\n\n\n\n<div class=\"wp-block-columns is-layout-flex wp-container-core-columns-is-layout-9d6595d7 wp-block-columns-is-layout-flex\">\n<div class=\"wp-block-column is-layout-flow wp-block-column-is-layout-flow\">\n<h4 class=\"wp-block-heading\">Positivbeispiel<\/h4>\n\n\n\n<p>Montag 08:00 Uhr<br>Diebstahl wird bemerkt, der IT Dienstleister wird informiert.<\/p>\n\n\n\n<p>Montag 08:30 Uhr<br>Die Backups vorort wurden durch Vandalismus zerst\u00f6rt. Der IT Dienstleister trifft mit dem Cloudbackupdatentr\u00e4ger und Ersatzhardware ein und beginnt die Wiederherstellung.<\/p>\n\n\n\n<p>Montag 12:30 Uhr<br>Die Daten sind eingepflegt und letzte Tests werden durchgef\u00fchrt. <\/p>\n\n\n\n<p>Montag 12:50 Uhr<br>Sie sind wieder online.<\/p>\n<\/div>\n\n\n\n<div class=\"wp-block-column is-layout-flow wp-block-column-is-layout-flow\">\n<h4 class=\"wp-block-heading\">Negativbeispiel<\/h4>\n\n\n\n<p>Montag 08:00 Uhr<br>Diebstahl wird bemerkt, der IT Dienstleister wird informiert.<\/p>\n\n\n\n<p>Montag 08:30 Uhr<br>Die Backups vorort wurden durch Vandalismus zerst\u00f6rt, der Download des Cloudbackup wird gestartet. Sie laden mit der maximalen m\u00f6glichen Geschwindigkeit ihres Vertrags und ohne Unterbrechungen herunter.<\/p>\n\n\n\n<p>&#8230;<br>&#8230;<br>&#8230;<br>&#8230;<br>&#8230;<\/p>\n\n\n\n<p><strong>Sonntag <\/strong>03:20 Uhr<br>Der Download ist nach 138,8 Stunden abgeschlossen, die Wiederherstellung kann beginnen.<\/p>\n\n\n\n<p>+1W Montag 7:00 Uhr<br>Der IT Dienstleister hat w\u00e4hrend der vergangenen Woche ausreichend Zeit gehabt ihre Infrastruktur wieder zu installieren, muss die Daten allerdings noch korrekt einpflegen.<\/p>\n\n\n\n<p>+1W Montag 10:20 Uhr<br>Die Daten sind eingepflegt und letzte Tests werden durchgef\u00fchrt.<\/p>\n\n\n\n<p>+1W Montag 11:40 Uhr<br>Sie sind wieder online.<\/p>\n<\/div>\n<\/div>\n\n\n\n<p>Fazit: Die Umsetzung ist entscheidend! Was n\u00fctzt Ihnen ein Backup, welches Sie im Notfall erst stundenlang herunterladen m\u00fcssen, bevor mit der Wiederherstellung begonnen werden kann. <\/p>\n\n\n\n<div class=\"wp-block-otfm-box-spoiler-end otfm-sp_end\"><\/div>\n\n\n\n<p><\/p>\n","protected":false},"excerpt":{"rendered":"<p>Heute spricht jeder von ihr. Der Cloud. Doch wof\u00fcr ist sie n\u00fctze und welche M\u00f6glichkeiten aber auch Gefahren ergeben sich mit dem Nutzen einer Cloudl\u00f6sung? Wir beraten Sie gerne, damit Sie das richtige Ma\u00df an &#8222;Cloud&#8220; f\u00fcr sich und Ihr<\/p>\n","protected":false},"author":3,"featured_media":0,"parent":0,"menu_order":0,"comment_status":"closed","ping_status":"closed","template":"","meta":{"_editorskit_title_hidden":false,"_editorskit_reading_time":0,"_editorskit_is_block_options_detached":false,"_editorskit_block_options_position":"{}","footnotes":""},"class_list":["post-112","page","type-page","status-publish","hentry"],"_links":{"self":[{"href":"https:\/\/www.asmi.de\/cms\/wp-json\/wp\/v2\/pages\/112","targetHints":{"allow":["GET"]}}],"collection":[{"href":"https:\/\/www.asmi.de\/cms\/wp-json\/wp\/v2\/pages"}],"about":[{"href":"https:\/\/www.asmi.de\/cms\/wp-json\/wp\/v2\/types\/page"}],"author":[{"embeddable":true,"href":"https:\/\/www.asmi.de\/cms\/wp-json\/wp\/v2\/users\/3"}],"replies":[{"embeddable":true,"href":"https:\/\/www.asmi.de\/cms\/wp-json\/wp\/v2\/comments?post=112"}],"version-history":[{"count":21,"href":"https:\/\/www.asmi.de\/cms\/wp-json\/wp\/v2\/pages\/112\/revisions"}],"predecessor-version":[{"id":615,"href":"https:\/\/www.asmi.de\/cms\/wp-json\/wp\/v2\/pages\/112\/revisions\/615"}],"wp:attachment":[{"href":"https:\/\/www.asmi.de\/cms\/wp-json\/wp\/v2\/media?parent=112"}],"curies":[{"name":"wp","href":"https:\/\/api.w.org\/{rel}","templated":true}]}}