{"id":106,"date":"2019-08-07T21:56:25","date_gmt":"2019-08-07T19:56:25","guid":{"rendered":"https:\/\/www.asmi.de\/cms\/?page_id=106"},"modified":"2024-11-22T00:54:46","modified_gmt":"2024-11-21T23:54:46","slug":"virenschutz","status":"publish","type":"page","link":"https:\/\/www.asmi.de\/cms\/virenschutz\/","title":{"rendered":"Virenschutz"},"content":{"rendered":"\n<p>Jedes Praxisnetz sollte mittels eines Virenscanners gegen Angriffe gesch\u00fctzt sein. Doch nicht jeder Virenscanner gen\u00fcgt den Anforderungen eines Praxissystems.<\/p>\n\n\n\n<p>Eine der vielen Problematiken besteht darin, dass der Virenscanner immer aktualisiert und gewartet sein muss. Sollte dies nicht der Fall sein, kann sich Schadsoftware, wie ein Cryptotrojaner, frei auf Ihren Systemen agieren und nicht nur Kosten durch einen Systemausfall oder Erpressung, sondern einen weitaus schlimmeren Reputationsverlust bei Exfiltration von sensiblen Daten verursachen.<\/p>\n\n\n\n<p>Es gilt eine effektive Strategie zur Verhinderung f\u00fcr Sie und Ihre Praxis anzuwenden.<\/p>\n\n\n\n<h4 class=\"wp-block-heading\">Problembewusstsein<\/h4>\n\n\n\n<p>Eine alte Weisheit im Sicherheitsbereich und dennoch aktueller denn je ist: Das schw\u00e4chste Glied ist oft der un\u00fcberlegte oder ungeschulte Mensch. Die meisten Angriffe zielen im ersten Schritt auf die Leichtgl\u00e4ubigkeit und das Vertrauen von Mitarbeitern. Gerne unterst\u00fctzen wir Sie in Form von Informationen und Schulungen, um Ihre Mitarbeiter auf dem neusten Stand zu halten und die Aufmerksamkeit f\u00fcr Bedrohungen im digitalen Umfeld zu schaffen.<\/p>\n\n\n<div class=\"wp-block-image\">\n<figure class=\"alignright size-large is-resized\"><img loading=\"lazy\" decoding=\"async\" width=\"1024\" height=\"627\" src=\"https:\/\/www.asmi.de\/cms\/wp-content\/uploads\/2020\/02\/image-1024x627.png\" alt=\"\" class=\"wp-image-620\" style=\"width:251px;height:153px\" srcset=\"https:\/\/www.asmi.de\/cms\/wp-content\/uploads\/2020\/02\/image-1024x627.png 1024w, https:\/\/www.asmi.de\/cms\/wp-content\/uploads\/2020\/02\/image-300x184.png 300w, https:\/\/www.asmi.de\/cms\/wp-content\/uploads\/2020\/02\/image-768x470.png 768w, https:\/\/www.asmi.de\/cms\/wp-content\/uploads\/2020\/02\/image.png 1491w\" sizes=\"auto, (max-width: 1024px) 100vw, 1024px\" \/><figcaption class=\"wp-element-caption\">Gdata Management \u00dcbersicht<\/figcaption><\/figure>\n<\/div>\n\n\n<h4 class=\"wp-block-heading\">Lokaler Antivirus<\/h4>\n\n\n\n<p>Mit der <a href=\"https:\/\/www.gdata.de\/business\">Businessl\u00f6sung von GData<\/a> sind Sie durch die zentrale Steuersoftware Herr der Lage und haben den Status Ihrer Antivirenl\u00f6sung stets im Blick. Das System benachrichtigt Sie \u00fcber Probleme und Virenfunde, sodass Sie zu keiner Zeit ungesch\u00fctzt sind.<\/p>\n\n\n\n<h4 class=\"wp-block-heading\">Nextgen Firewall<\/h4>\n\n\n<div class=\"wp-block-image\">\n<figure class=\"alignright size-large is-resized\"><img loading=\"lazy\" decoding=\"async\" width=\"1024\" height=\"629\" src=\"https:\/\/www.asmi.de\/cms\/wp-content\/uploads\/2020\/02\/image-1-1024x629.png\" alt=\"\" class=\"wp-image-627\" style=\"width:251px;height:155px\" srcset=\"https:\/\/www.asmi.de\/cms\/wp-content\/uploads\/2020\/02\/image-1-1024x629.png 1024w, https:\/\/www.asmi.de\/cms\/wp-content\/uploads\/2020\/02\/image-1-300x184.png 300w, https:\/\/www.asmi.de\/cms\/wp-content\/uploads\/2020\/02\/image-1-768x472.png 768w, https:\/\/www.asmi.de\/cms\/wp-content\/uploads\/2020\/02\/image-1.png 1122w\" sizes=\"auto, (max-width: 1024px) 100vw, 1024px\" \/><figcaption class=\"wp-element-caption\">Netzwerkstatistik LC-UTM<\/figcaption><\/figure>\n<\/div>\n\n\n<p>Warum die Sicherheit erst auf dem Rechner beginnen lassen, wenn es doch sinnvoll ist, bereits am Perimeter aktiv zu werden und Bedrohungen noch vor Eintritt in Ihr Netzwerk abwenden?<\/p>\n\n\n\n<p>Das hat auch die KBV erkannt und fordert in der IT-Sicherheitsrichtlinie f\u00fcr Arztpraxen im Rahmen des Unified Threat Managements (UTM) eine Layer-5 Firewall. Mit der <a href=\"https:\/\/www.lancom-systems.de\/produkte\/security\/unified-firewalls\/\">LANCOM Unified Firewall<\/a> adressieren wir genau dieses Thema und sichern unsere Kunden mit IDS\/P und DPI am Netz\u00fcbergang der Praxis ab.<\/p>\n\n\n\n<p>Die UTM Firewall liest hierf\u00fcr den Datenverkehr vor Eintritt in das lokale Netzwerk und wertet ihn mit Hilfe modernster Technologien wie Signatur-, Heuristik-, Verhaltensanalyse und maschinellem Lernen aus. So k\u00f6nnen als Bedrohung erkannte Daten wie Viren, Scams, Phishing, uvm. ausgefiltert und ihrer Wirkung beraubt werden.<\/p>\n\n\n\n<p>Als Alternative zur Hardwarefirewall in Ihrer Praxis, k\u00f6nnen Sie auch \u00fcber Ihren Router eine gesicherte Verbindung zu einer von uns zur Verf\u00fcgung gestellten Firewall aufbauen. Diese L\u00f6sung ist ins Besondere f\u00fcr kleine Praxen und f\u00fcr gro\u00dfe Praxen mit mehreren Betriebsst\u00e4tten technisch wie unternehmerisch sinnvoll.<br>Zus\u00e4tzlich bleiben Ihnen auf diesem Wege auch die einmaligen Investitionskosten einer Hardwarefirewall erspart.<\/p>\n","protected":false},"excerpt":{"rendered":"<p>Jedes Praxisnetz sollte mittels eines Virenscanners gegen Angriffe gesch\u00fctzt sein. Doch nicht jeder Virenscanner gen\u00fcgt den Anforderungen eines Praxissystems. Eine der vielen Problematiken besteht darin, dass der Virenscanner immer aktualisiert und gewartet sein muss. Sollte dies nicht der Fall sein,<\/p>\n","protected":false},"author":3,"featured_media":0,"parent":0,"menu_order":0,"comment_status":"closed","ping_status":"closed","template":"","meta":{"_editorskit_title_hidden":false,"_editorskit_reading_time":0,"_editorskit_is_block_options_detached":false,"_editorskit_block_options_position":"{}","footnotes":""},"class_list":["post-106","page","type-page","status-publish","hentry"],"_links":{"self":[{"href":"https:\/\/www.asmi.de\/cms\/wp-json\/wp\/v2\/pages\/106","targetHints":{"allow":["GET"]}}],"collection":[{"href":"https:\/\/www.asmi.de\/cms\/wp-json\/wp\/v2\/pages"}],"about":[{"href":"https:\/\/www.asmi.de\/cms\/wp-json\/wp\/v2\/types\/page"}],"author":[{"embeddable":true,"href":"https:\/\/www.asmi.de\/cms\/wp-json\/wp\/v2\/users\/3"}],"replies":[{"embeddable":true,"href":"https:\/\/www.asmi.de\/cms\/wp-json\/wp\/v2\/comments?post=106"}],"version-history":[{"count":33,"href":"https:\/\/www.asmi.de\/cms\/wp-json\/wp\/v2\/pages\/106\/revisions"}],"predecessor-version":[{"id":1877,"href":"https:\/\/www.asmi.de\/cms\/wp-json\/wp\/v2\/pages\/106\/revisions\/1877"}],"wp:attachment":[{"href":"https:\/\/www.asmi.de\/cms\/wp-json\/wp\/v2\/media?parent=106"}],"curies":[{"name":"wp","href":"https:\/\/api.w.org\/{rel}","templated":true}]}}